{"id":1745,"date":"2025-02-19T09:31:22","date_gmt":"2025-02-19T09:31:22","guid":{"rendered":"https:\/\/belgiumeliteway.be\/?page_id=1745"},"modified":"2025-02-19T09:50:35","modified_gmt":"2025-02-19T09:50:35","slug":"faq","status":"publish","type":"page","link":"https:\/\/belgiumeliteway.be\/fr\/faq\/","title":{"rendered":"FAQ"},"content":{"rendered":"<h1 class=\"wp-block-heading\">FAQ<\/h1><style>#sp-ea-1747 .spcollapsing { height: 0; overflow: hidden; transition-property: height;transition-duration: 300ms;}#sp-ea-1747.sp-easy-accordion>.sp-ea-single {margin-bottom: 30px; border: 1px solid #e2e2e2; }#sp-ea-1747.sp-easy-accordion>.sp-ea-single>.ea-header a {color: #000000;}#sp-ea-1747.sp-easy-accordion>.sp-ea-single>.sp-collapse>.ea-body {background: #fff; color: #444;}#sp-ea-1747.sp-easy-accordion>.sp-ea-single {background: #e2e2e2;}#sp-ea-1747.sp-easy-accordion>.sp-ea-single>.ea-header a .ea-expand-icon { float: right; color: #867b54;font-size: 16px;}#sp-ea-1747.sp-easy-accordion>.sp-ea-single>.ea-header a .ea-expand-icon {margin-right: 0;}<\/style><div id=\"sp_easy_accordion-1739957649\">\n<div id=\"sp-ea-1747\" class=\"sp-ea-one sp-easy-accordion\" data-ea-active=\"ea-click\" data-ea-mode=\"vertical\" data-preloader=\"\" data-scroll-active-item=\"\" data-offset-to-scroll=\"0\">\n\n<!-- Start accordion card div. -->\n<div class=\"ea-card  sp-ea-single\">\n\t<!-- Start accordion header. -->\n\t<h3 class=\"ea-header\">\n\t\t<!-- Add anchor tag for header. -->\n\t\t<a class=\"collapsed\" id=\"ea-header-17470\" role=\"button\" data-sptoggle=\"spcollapse\" data-sptarget=\"#collapse17470\" aria-controls=\"collapse17470\" href=\"#\"  aria-expanded=\"false\" tabindex=\"0\">\n\t\t<i aria-hidden=\"true\" role=\"presentation\" class=\"ea-expand-icon eap-icon-ea-expand-plus\"><\/i> Puis-je r\u00e9server un chauffeur pour un court trajet ou une longue dur\u00e9e ?\t\t<\/a> <!-- Close anchor tag for header. -->\n\t<\/h3>\t<!-- Close header tag. -->\n\t<!-- Start collapsible content div. -->\n\t<div class=\"sp-collapse spcollapse spcollapse\" id=\"collapse17470\" data-parent=\"#sp-ea-1747\" role=\"region\" aria-labelledby=\"ea-header-17470\">  <!-- Content div. -->\n\t\t<div class=\"ea-body\">\n\t\t<p>Oui, nous proposons des chauffeurs priv\u00e9s pour des trajets de quelques heures \u00e0 plusieurs jours, selon vos besoins. Que vous ayez besoin de transport pour un \u00e9v\u00e9nement, un voyage d'affaires ou une escapade personnelle, nous nous adaptons \u00e0 toutes vos exigences.<\/p>\n\t\t<\/div> <!-- Close content div. -->\n\t<\/div> <!-- Close collapse div. -->\n<\/div> <!-- Close card div. -->\n<!-- Start accordion card div. -->\n<div class=\"ea-card  sp-ea-single\">\n\t<!-- Start accordion header. -->\n\t<h3 class=\"ea-header\">\n\t\t<!-- Add anchor tag for header. -->\n\t\t<a class=\"collapsed\" id=\"ea-header-17471\" role=\"button\" data-sptoggle=\"spcollapse\" data-sptarget=\"#collapse17471\" aria-controls=\"collapse17471\" href=\"#\"  aria-expanded=\"false\" tabindex=\"0\">\n\t\t<i aria-hidden=\"true\" role=\"presentation\" class=\"ea-expand-icon eap-icon-ea-expand-plus\"><\/i> Est-ce que vous offrez des services pour les groupes ?\t\t<\/a> <!-- Close anchor tag for header. -->\n\t<\/h3>\t<!-- Close header tag. -->\n\t<!-- Start collapsible content div. -->\n\t<div class=\"sp-collapse spcollapse spcollapse\" id=\"collapse17471\" data-parent=\"#sp-ea-1747\" role=\"region\" aria-labelledby=\"ea-header-17471\">  <!-- Content div. -->\n\t\t<div class=\"ea-body\">\n\t\t<p>Absolument ! Nous proposons des services sur mesure pour les groupes, qu'il s'agisse de transferts partag\u00e9s ou priv\u00e9s, ou de mises \u00e0 disposition de v\u00e9hicules pour des \u00e9v\u00e9nements sp\u00e9ciaux, des conf\u00e9rences ou des voyages de groupe.<\/p>\n\t\t<\/div> <!-- Close content div. -->\n\t<\/div> <!-- Close collapse div. -->\n<\/div> <!-- Close card div. -->\n<!-- Start accordion card div. -->\n<div class=\"ea-card  sp-ea-single\">\n\t<!-- Start accordion header. -->\n\t<h3 class=\"ea-header\">\n\t\t<!-- Add anchor tag for header. -->\n\t\t<a class=\"collapsed\" id=\"ea-header-17472\" role=\"button\" data-sptoggle=\"spcollapse\" data-sptarget=\"#collapse17472\" aria-controls=\"collapse17472\" href=\"#\"  aria-expanded=\"false\" tabindex=\"0\">\n\t\t<i aria-hidden=\"true\" role=\"presentation\" class=\"ea-expand-icon eap-icon-ea-expand-plus\"><\/i> Pouvez-vous r\u00e9server des restaurants ou organiser des activit\u00e9s pendant mon s\u00e9jour ?\t\t<\/a> <!-- Close anchor tag for header. -->\n\t<\/h3>\t<!-- Close header tag. -->\n\t<!-- Start collapsible content div. -->\n\t<div class=\"sp-collapse spcollapse spcollapse\" id=\"collapse17472\" data-parent=\"#sp-ea-1747\" role=\"region\" aria-labelledby=\"ea-header-17472\">  <!-- Content div. -->\n\t\t<div class=\"ea-body\">\n\t\t<p>Oui, nos agents sont \u00e0 votre disposition pour organiser des activit\u00e9s pendant votre voyage, r\u00e9server des restaurants ou m\u00eame vous accompagner dans vos sessions de shopping. Nous nous assurons que votre exp\u00e9rience soit aussi agr\u00e9able et fluide que possible.<\/p>\n\t\t<\/div> <!-- Close content div. -->\n\t<\/div> <!-- Close collapse div. -->\n<\/div> <!-- Close card div. -->\n<!-- Start accordion card div. -->\n<div class=\"ea-card  sp-ea-single\">\n\t<!-- Start accordion header. -->\n\t<h3 class=\"ea-header\">\n\t\t<!-- Add anchor tag for header. -->\n\t\t<a class=\"collapsed\" id=\"ea-header-17473\" role=\"button\" data-sptoggle=\"spcollapse\" data-sptarget=\"#collapse17473\" aria-controls=\"collapse17473\" href=\"#\"  aria-expanded=\"false\" tabindex=\"0\">\n\t\t<i aria-hidden=\"true\" role=\"presentation\" class=\"ea-expand-icon eap-icon-ea-expand-plus\"><\/i> Est-il possible d'utiliser ma propre voiture avec un chauffeur ?\t\t<\/a> <!-- Close anchor tag for header. -->\n\t<\/h3>\t<!-- Close header tag. -->\n\t<!-- Start collapsible content div. -->\n\t<div class=\"sp-collapse spcollapse spcollapse\" id=\"collapse17473\" data-parent=\"#sp-ea-1747\" role=\"region\" aria-labelledby=\"ea-header-17473\">  <!-- Content div. -->\n\t\t<div class=\"ea-body\">\n\t\t<p>Oui, nous offrons un service o\u00f9 notre chauffeur peut prendre le volant de votre propre voiture, vous permettant de voyager en toute tranquillit\u00e9 tout en \u00e9tant accompagn\u00e9 par un professionnel.<\/p>\n\t\t<\/div> <!-- Close content div. -->\n\t<\/div> <!-- Close collapse div. -->\n<\/div> <!-- Close card div. -->\n<!-- Start accordion card div. -->\n<div class=\"ea-card  sp-ea-single\">\n\t<!-- Start accordion header. -->\n\t<h3 class=\"ea-header\">\n\t\t<!-- Add anchor tag for header. -->\n\t\t<a class=\"collapsed\" id=\"ea-header-17474\" role=\"button\" data-sptoggle=\"spcollapse\" data-sptarget=\"#collapse17474\" aria-controls=\"collapse17474\" href=\"#\"  aria-expanded=\"false\" tabindex=\"0\">\n\t\t<i aria-hidden=\"true\" role=\"presentation\" class=\"ea-expand-icon eap-icon-ea-expand-plus\"><\/i> Quels types de v\u00e9hicules proposez-vous ?\t\t<\/a> <!-- Close anchor tag for header. -->\n\t<\/h3>\t<!-- Close header tag. -->\n\t<!-- Start collapsible content div. -->\n\t<div class=\"sp-collapse spcollapse spcollapse\" id=\"collapse17474\" data-parent=\"#sp-ea-1747\" role=\"region\" aria-labelledby=\"ea-header-17474\">  <!-- Content div. -->\n\t\t<div class=\"ea-body\">\n\t\t<p>Nous disposons d'une flotte d'exception comprenant des voitures de luxe, des minibus et des vans haut de gamme, pour garantir le confort et la s\u00e9curit\u00e9 de nos clients, quel que soit le nombre de passagers ou la dur\u00e9e du trajet.<\/p>\n\t\t<\/div> <!-- Close content div. -->\n\t<\/div> <!-- Close collapse div. -->\n<\/div> <!-- Close card div. -->\n<!-- Start accordion card div. -->\n<div class=\"ea-card  sp-ea-single\">\n\t<!-- Start accordion header. -->\n\t<h3 class=\"ea-header\">\n\t\t<!-- Add anchor tag for header. -->\n\t\t<a class=\"collapsed\" id=\"ea-header-17475\" role=\"button\" data-sptoggle=\"spcollapse\" data-sptarget=\"#collapse17475\" aria-controls=\"collapse17475\" href=\"#\"  aria-expanded=\"false\" tabindex=\"0\">\n\t\t<i aria-hidden=\"true\" role=\"presentation\" class=\"ea-expand-icon eap-icon-ea-expand-plus\"><\/i> Comment puis-je r\u00e9server un chauffeur priv\u00e9 ?\t\t<\/a> <!-- Close anchor tag for header. -->\n\t<\/h3>\t<!-- Close header tag. -->\n\t<!-- Start collapsible content div. -->\n\t<div class=\"sp-collapse spcollapse spcollapse\" id=\"collapse17475\" data-parent=\"#sp-ea-1747\" role=\"region\" aria-labelledby=\"ea-header-17475\">  <!-- Content div. -->\n\t\t<div class=\"ea-body\">\n\t\t<p>La r\u00e9servation peut se faire directement via notre site web, par t\u00e9l\u00e9phone ou par email. Notre \u00e9quipe est disponible pour r\u00e9pondre \u00e0 vos demandes et s'assurer que vos besoins soient parfaitement pris en charge. Pour les demandes urgentes, vous pouvez nous appeler directement sur la ligne ou via Whatsapp. Notre service client est disponible 24h\/24.<\/p>\n\t\t<\/div> <!-- Close content div. -->\n\t<\/div> <!-- Close collapse div. -->\n<\/div> <!-- Close card div. -->\n<!-- Start accordion card div. -->\n<div class=\"ea-card  sp-ea-single\">\n\t<!-- Start accordion header. -->\n\t<h3 class=\"ea-header\">\n\t\t<!-- Add anchor tag for header. -->\n\t\t<a class=\"collapsed\" id=\"ea-header-17476\" role=\"button\" data-sptoggle=\"spcollapse\" data-sptarget=\"#collapse17476\" aria-controls=\"collapse17476\" href=\"#\"  aria-expanded=\"false\" tabindex=\"0\">\n\t\t<i aria-hidden=\"true\" role=\"presentation\" class=\"ea-expand-icon eap-icon-ea-expand-plus\"><\/i> Est-ce que vos chauffeurs parlent plusieurs langues ?\t\t<\/a> <!-- Close anchor tag for header. -->\n\t<\/h3>\t<!-- Close header tag. -->\n\t<!-- Start collapsible content div. -->\n\t<div class=\"sp-collapse spcollapse spcollapse\" id=\"collapse17476\" data-parent=\"#sp-ea-1747\" role=\"region\" aria-labelledby=\"ea-header-17476\">  <!-- Content div. -->\n\t\t<div class=\"ea-body\">\n\t\t<p>Oui, nos chauffeurs sont multilingues et parlent tous l\u2019anglais. Ils peuvent vous accompagner dans diff\u00e9rentes langues, pour que vous vous sentiez \u00e0 l'aise tout au long de votre trajet.<\/p>\n\t\t<\/div> <!-- Close content div. -->\n\t<\/div> <!-- Close collapse div. -->\n<\/div> <!-- Close card div. -->\n<!-- Start accordion card div. -->\n<div class=\"ea-card  sp-ea-single\">\n\t<!-- Start accordion header. -->\n\t<h3 class=\"ea-header\">\n\t\t<!-- Add anchor tag for header. -->\n\t\t<a class=\"collapsed\" id=\"ea-header-17477\" role=\"button\" data-sptoggle=\"spcollapse\" data-sptarget=\"#collapse17477\" aria-controls=\"collapse17477\" href=\"#\"  aria-expanded=\"false\" tabindex=\"0\">\n\t\t<i aria-hidden=\"true\" role=\"presentation\" class=\"ea-expand-icon eap-icon-ea-expand-plus\"><\/i> Proposez-vous des services pour les \u00e9v\u00e9nements sp\u00e9ciaux ?\t\t<\/a> <!-- Close anchor tag for header. -->\n\t<\/h3>\t<!-- Close header tag. -->\n\t<!-- Start collapsible content div. -->\n\t<div class=\"sp-collapse spcollapse spcollapse\" id=\"collapse17477\" data-parent=\"#sp-ea-1747\" role=\"region\" aria-labelledby=\"ea-header-17477\">  <!-- Content div. -->\n\t\t<div class=\"ea-body\">\n\t\t<p>Oui, nous organisons des services de transport pour des \u00e9v\u00e9nements comme des mariages, des galas, des conf\u00e9rences, et tout autre \u00e9v\u00e9nement sp\u00e9cial. Nous pouvons personnaliser chaque service en fonction de vos besoins et de l\u2019envergure de l\u2019\u00e9v\u00e9nement.<\/p>\n\t\t<\/div> <!-- Close content div. -->\n\t<\/div> <!-- Close collapse div. -->\n<\/div> <!-- Close card div. -->\n<!-- Start accordion card div. -->\n<div class=\"ea-card  sp-ea-single\">\n\t<!-- Start accordion header. -->\n\t<h3 class=\"ea-header\">\n\t\t<!-- Add anchor tag for header. -->\n\t\t<a class=\"collapsed\" id=\"ea-header-17478\" role=\"button\" data-sptoggle=\"spcollapse\" data-sptarget=\"#collapse17478\" aria-controls=\"collapse17478\" href=\"#\"  aria-expanded=\"false\" tabindex=\"0\">\n\t\t<i aria-hidden=\"true\" role=\"presentation\" class=\"ea-expand-icon eap-icon-ea-expand-plus\"><\/i> Quels sont vos tarifs ?\t\t<\/a> <!-- Close anchor tag for header. -->\n\t<\/h3>\t<!-- Close header tag. -->\n\t<!-- Start collapsible content div. -->\n\t<div class=\"sp-collapse spcollapse spcollapse\" id=\"collapse17478\" data-parent=\"#sp-ea-1747\" role=\"region\" aria-labelledby=\"ea-header-17478\">  <!-- Content div. -->\n\t\t<div class=\"ea-body\">\n\t\t<p>Nos tarifs sont transparents et adapt\u00e9s \u00e0 chaque service. Ils varient en fonction de la dur\u00e9e de la prestation, du type de v\u00e9hicule, ainsi que de la distance. Nous vous invitons \u00e0 nous contacter pour obtenir un devis personnalis\u00e9.<\/p>\n\t\t<\/div> <!-- Close content div. -->\n\t<\/div> <!-- Close collapse div. -->\n<\/div> <!-- Close card div. -->\n<!-- Start accordion card div. -->\n<div class=\"ea-card  sp-ea-single\">\n\t<!-- Start accordion header. -->\n\t<h3 class=\"ea-header\">\n\t\t<!-- Add anchor tag for header. -->\n\t\t<a class=\"collapsed\" id=\"ea-header-17479\" role=\"button\" data-sptoggle=\"spcollapse\" data-sptarget=\"#collapse17479\" aria-controls=\"collapse17479\" href=\"#\"  aria-expanded=\"false\" tabindex=\"0\">\n\t\t<i aria-hidden=\"true\" role=\"presentation\" class=\"ea-expand-icon eap-icon-ea-expand-plus\"><\/i> Comment puis-je annuler ou modifier ma r\u00e9servation ?\t\t<\/a> <!-- Close anchor tag for header. -->\n\t<\/h3>\t<!-- Close header tag. -->\n\t<!-- Start collapsible content div. -->\n\t<div class=\"sp-collapse spcollapse spcollapse\" id=\"collapse17479\" data-parent=\"#sp-ea-1747\" role=\"region\" aria-labelledby=\"ea-header-17479\">  <!-- Content div. -->\n\t\t<div class=\"ea-body\">\n\t\t<p>Les annulations et modifications peuvent \u00eatre effectu\u00e9es en contactant notre service client dans les d\u00e9lais impartis. Pour toute demande particuli\u00e8re, notre \u00e9quipe est l\u00e0 pour vous assister et vous proposer des solutions flexibles.<\/p>\n\t\t<\/div> <!-- Close content div. -->\n\t<\/div> <!-- Close collapse div. -->\n<\/div> <!-- Close card div. -->\n<\/div>\n<\/div>\n<p style=\"padding-top:var(--wp--preset--spacing--x-small);padding-bottom:var(--wp--preset--spacing--x-small)\"><\/p>","protected":false},"excerpt":{"rendered":"<p>FAQ<\/p>\n","protected":false},"author":1,"featured_media":0,"parent":0,"menu_order":0,"comment_status":"closed","ping_status":"closed","template":"","meta":{"footnotes":""},"class_list":["post-1745","page","type-page","status-publish","hentry"],"yoast_head":"<!-- This site is optimized with the Yoast SEO plugin v24.2 - https:\/\/yoast.com\/wordpress\/plugins\/seo\/ -->\n<title>FAQ - Belgium Elite Way<\/title>\n<meta name=\"robots\" content=\"index, follow, max-snippet:-1, max-image-preview:large, max-video-preview:-1\" \/>\n<link rel=\"canonical\" href=\"https:\/\/belgiumeliteway.be\/fr\/faq\/\" \/>\n<meta property=\"og:locale\" content=\"fr_FR\" \/>\n<meta property=\"og:type\" content=\"article\" \/>\n<meta property=\"og:title\" content=\"FAQ - Belgium Elite Way\" \/>\n<meta property=\"og:description\" content=\"FAQ\" \/>\n<meta property=\"og:url\" content=\"https:\/\/belgiumeliteway.be\/fr\/faq\/\" \/>\n<meta property=\"og:site_name\" content=\"Belgium Elite Way\" \/>\n<meta property=\"article:modified_time\" content=\"2025-02-19T09:50:35+00:00\" \/>\n<meta name=\"twitter:card\" content=\"summary_large_image\" \/>\n<meta name=\"twitter:label1\" content=\"Dur\u00e9e de lecture estim\u00e9e\" \/>\n\t<meta name=\"twitter:data1\" content=\"1 minute\" \/>\n<script type=\"application\/ld+json\" class=\"yoast-schema-graph\">{\"@context\":\"https:\/\/schema.org\",\"@graph\":[{\"@type\":\"WebPage\",\"@id\":\"https:\/\/belgiumeliteway.be\/faq\/\",\"url\":\"https:\/\/belgiumeliteway.be\/faq\/\",\"name\":\"FAQ - Belgium Elite Way\",\"isPartOf\":{\"@id\":\"https:\/\/belgiumeliteway.be\/fr\/#website\"},\"datePublished\":\"2025-02-19T09:31:22+00:00\",\"dateModified\":\"2025-02-19T09:50:35+00:00\",\"breadcrumb\":{\"@id\":\"https:\/\/belgiumeliteway.be\/faq\/#breadcrumb\"},\"inLanguage\":\"fr-FR\",\"potentialAction\":[{\"@type\":\"ReadAction\",\"target\":[\"https:\/\/belgiumeliteway.be\/faq\/\"]}]},{\"@type\":\"BreadcrumbList\",\"@id\":\"https:\/\/belgiumeliteway.be\/faq\/#breadcrumb\",\"itemListElement\":[{\"@type\":\"ListItem\",\"position\":1,\"name\":\"Accueil\",\"item\":\"https:\/\/belgiumeliteway.be\/\"},{\"@type\":\"ListItem\",\"position\":2,\"name\":\"FAQ\"}]},{\"@type\":\"WebSite\",\"@id\":\"https:\/\/belgiumeliteway.be\/fr\/#website\",\"url\":\"https:\/\/belgiumeliteway.be\/fr\/\",\"name\":\"Belgium Elite Way\",\"description\":\"\",\"publisher\":{\"@id\":\"https:\/\/belgiumeliteway.be\/fr\/#organization\"},\"potentialAction\":[{\"@type\":\"SearchAction\",\"target\":{\"@type\":\"EntryPoint\",\"urlTemplate\":\"https:\/\/belgiumeliteway.be\/fr\/?s={search_term_string}\"},\"query-input\":{\"@type\":\"PropertyValueSpecification\",\"valueRequired\":true,\"valueName\":\"search_term_string\"}}],\"inLanguage\":\"fr-FR\"},{\"@type\":\"Organization\",\"@id\":\"https:\/\/belgiumeliteway.be\/fr\/#organization\",\"name\":\"Belgium Elite Way\",\"url\":\"https:\/\/belgiumeliteway.be\/fr\/\",\"logo\":{\"@type\":\"ImageObject\",\"inLanguage\":\"fr-FR\",\"@id\":\"https:\/\/belgiumeliteway.be\/fr\/#\/schema\/logo\/image\/\",\"url\":\"https:\/\/belgiumeliteway.be\/wp-content\/uploads\/2024\/11\/cropped-eliteway-logo-blanc.png\",\"contentUrl\":\"https:\/\/belgiumeliteway.be\/wp-content\/uploads\/2024\/11\/cropped-eliteway-logo-blanc.png\",\"width\":783,\"height\":196,\"caption\":\"Belgium Elite Way\"},\"image\":{\"@id\":\"https:\/\/belgiumeliteway.be\/fr\/#\/schema\/logo\/image\/\"}}]}<\/script>\n<!-- \/ Yoast SEO plugin. -->","yoast_head_json":{"title":"FAQ - Belgium Elite Way","robots":{"index":"index","follow":"follow","max-snippet":"max-snippet:-1","max-image-preview":"max-image-preview:large","max-video-preview":"max-video-preview:-1"},"canonical":"https:\/\/belgiumeliteway.be\/fr\/faq\/","og_locale":"fr_FR","og_type":"article","og_title":"FAQ - Belgium Elite Way","og_description":"FAQ","og_url":"https:\/\/belgiumeliteway.be\/fr\/faq\/","og_site_name":"Belgium Elite Way","article_modified_time":"2025-02-19T09:50:35+00:00","twitter_card":"summary_large_image","twitter_misc":{"Dur\u00e9e de lecture estim\u00e9e":"1 minute"},"schema":{"@context":"https:\/\/schema.org","@graph":[{"@type":"WebPage","@id":"https:\/\/belgiumeliteway.be\/faq\/","url":"https:\/\/belgiumeliteway.be\/faq\/","name":"FAQ - Belgium Elite Way","isPartOf":{"@id":"https:\/\/belgiumeliteway.be\/fr\/#website"},"datePublished":"2025-02-19T09:31:22+00:00","dateModified":"2025-02-19T09:50:35+00:00","breadcrumb":{"@id":"https:\/\/belgiumeliteway.be\/faq\/#breadcrumb"},"inLanguage":"fr-FR","potentialAction":[{"@type":"ReadAction","target":["https:\/\/belgiumeliteway.be\/faq\/"]}]},{"@type":"BreadcrumbList","@id":"https:\/\/belgiumeliteway.be\/faq\/#breadcrumb","itemListElement":[{"@type":"ListItem","position":1,"name":"Accueil","item":"https:\/\/belgiumeliteway.be\/"},{"@type":"ListItem","position":2,"name":"FAQ"}]},{"@type":"WebSite","@id":"https:\/\/belgiumeliteway.be\/fr\/#website","url":"https:\/\/belgiumeliteway.be\/fr\/","name":"Belgium Elite Way","description":"","publisher":{"@id":"https:\/\/belgiumeliteway.be\/fr\/#organization"},"potentialAction":[{"@type":"SearchAction","target":{"@type":"EntryPoint","urlTemplate":"https:\/\/belgiumeliteway.be\/fr\/?s={search_term_string}"},"query-input":{"@type":"PropertyValueSpecification","valueRequired":true,"valueName":"search_term_string"}}],"inLanguage":"fr-FR"},{"@type":"Organization","@id":"https:\/\/belgiumeliteway.be\/fr\/#organization","name":"Belgium Elite Way","url":"https:\/\/belgiumeliteway.be\/fr\/","logo":{"@type":"ImageObject","inLanguage":"fr-FR","@id":"https:\/\/belgiumeliteway.be\/fr\/#\/schema\/logo\/image\/","url":"https:\/\/belgiumeliteway.be\/wp-content\/uploads\/2024\/11\/cropped-eliteway-logo-blanc.png","contentUrl":"https:\/\/belgiumeliteway.be\/wp-content\/uploads\/2024\/11\/cropped-eliteway-logo-blanc.png","width":783,"height":196,"caption":"Belgium Elite Way"},"image":{"@id":"https:\/\/belgiumeliteway.be\/fr\/#\/schema\/logo\/image\/"}}]}},"_links":{"self":[{"href":"https:\/\/belgiumeliteway.be\/fr\/wp-json\/wp\/v2\/pages\/1745"}],"collection":[{"href":"https:\/\/belgiumeliteway.be\/fr\/wp-json\/wp\/v2\/pages"}],"about":[{"href":"https:\/\/belgiumeliteway.be\/fr\/wp-json\/wp\/v2\/types\/page"}],"author":[{"embeddable":true,"href":"https:\/\/belgiumeliteway.be\/fr\/wp-json\/wp\/v2\/users\/1"}],"replies":[{"embeddable":true,"href":"https:\/\/belgiumeliteway.be\/fr\/wp-json\/wp\/v2\/comments?post=1745"}],"version-history":[{"count":6,"href":"https:\/\/belgiumeliteway.be\/fr\/wp-json\/wp\/v2\/pages\/1745\/revisions"}],"predecessor-version":[{"id":1757,"href":"https:\/\/belgiumeliteway.be\/fr\/wp-json\/wp\/v2\/pages\/1745\/revisions\/1757"}],"wp:attachment":[{"href":"https:\/\/belgiumeliteway.be\/fr\/wp-json\/wp\/v2\/media?parent=1745"}],"curies":[{"name":"wp","href":"https:\/\/api.w.org\/{rel}","templated":true}]}}